{"id":74,"date":"2015-12-15T21:57:36","date_gmt":"2015-12-15T20:57:36","guid":{"rendered":"http:\/\/web435.webbox333.server-home.org\/dferaenbtw\/?page_id=74"},"modified":"2022-12-28T16:33:48","modified_gmt":"2022-12-28T15:33:48","slug":"impressum","status":"publish","type":"page","link":"https:\/\/kunstgarten.at\/en\/impressum\/","title":{"rendered":"Imprint"},"content":{"rendered":"<p><\/p>\n<h1>Imprint<\/h1>\n<p>Payer-Weyprecht Stra\u00dfe 27<br \/>\n8020 Graz<br \/>\n\u00d6sterreich<\/p>\n<p>Tel.: 0043 316 262787<br \/>\nFax: 0043 316 262787<br \/>\nMobil: 0043 699 11852905<\/p>\n<p>email: <a href=\"mailto:kunstGarten@mur.at\">kunstGarten@mur.at<\/a><br \/>\nweb: <a href=\"http:\/\/kunstGarten.mur.at\" target=\"_top\" rel=\"noopener\">http:\/\/kunstGarten.mur.at<\/a><\/p>\n<p>USt-ID-NR ATU61501967 \/\/ ZVR 834075080<\/p>\n<h2>Disclaimer<\/h2>\n<p><strong>1. Haftungsausschluss<\/strong><br \/>\nDie hier angebotenen Inhalte dienen der allgemeinen Information. F\u00fcr die Richtigkeit, Aktualit\u00e4t, Vollst\u00e4ndigkeit und Verf\u00fcgbarkeit der gebotenen Informationen\/Services \u00fcbernehmen wir keine Gew\u00e4hrleistung\/Haftung. Sie k\u00f6nnen keine umfassende rechtliche Beratung ersetzen. Wenn Sie eine besondere Beratung ben\u00f6tigen, wenden Sie sich bitte an eine Expertin bzw. einen Experten. Verweise zu anderen Internetangeboten, wurden sorgf\u00e4ltig ausgew\u00e4hlt. Deren Inhalt, Richtigkeit, Aktualit\u00e4t, Vollst\u00e4ndigkeit und Verf\u00fcgbarkeit liegt aber nicht in unserem Einflussbereich.<\/p>\n<p>Wir \u00fcbernehmen keine Gew\u00e4hrleistung\/Haftung f\u00fcr downloadbare Formulare, insbesondere nicht f\u00fcr deren Aktualit\u00e4t, Eignung f\u00fcr einen bestimmten Zweck und Virenfreiheit. Wir behalten uns das Recht vor, jederzeit und ohne Vorank\u00fcndigung hier angebotene Informationen\/Services zu \u00e4ndern, erg\u00e4nzen, l\u00f6schen oder den Internetauftritt g\u00e4nzlich oder vor\u00fcbergehend einzustellen.<\/p>\n<p>Wir bem\u00fchen uns, Probleme beim Abruf der Informationen\/Services aufgrund von St\u00f6rungen oder Inkompatibilit\u00e4ten so gering wie m\u00f6glich zu halten. Es ist allerdings nicht ausgeschlossen, dass Daten und Angaben auf unserer Website nicht oder fehlerhaft angezeigt werden. Wir \u00fcbernehmen keine Haftung, dass unser Dienst nicht unterbrochen oder anderweitig durch St\u00f6rungen beeintr\u00e4chtigt wird.<\/p>\n<p><strong>2. Geistiges Eigentum<\/strong><br \/>\nS\u00e4mtliche Inhalte, das Layout sowie allf\u00e4llige Ton- und Videosequenzen sind urheberrechtlich gesch\u00fctzt. Alle Rechte daran bleiben der Rechteinhaberin bzw. dem Rechteinhaber vorbehalten. \u00c4nderungen d\u00fcrfen nicht vorgenommen werden. Eine \u00f6ffentliche Verwendung der Informationen\/Services darf nur mit unserer Zustimmung und unter Nennung sowie Ersichtlichmachung der Quelle erfolgen. Das blo\u00dfe Verlinken auf unsere Inhalte unter gleichzeitigem Quellhinweis steht jedermann frei und bedarf keiner besonderen Genehmigung.<\/p>\n<p><strong>3. Schlussbestimmungen<\/strong><br \/>\nAuf die Nutzung der Informationen\/Services findet ausschlie\u00dflich \u00f6sterreichisches Recht Anwendung.<\/p>\n<p>Sofern Teile oder einzelne Formulierungen dieses Textes der geltenden Rechtslage nicht, nicht mehr oder nicht vollst\u00e4ndig entsprechen sollten, bleiben die \u00fcbrigen Teile in ihrem Inhalt und ihrer G\u00fcltigkeit davon unber\u00fchrt. Anstelle einer unwirksamen Bestimmung oder zum Auff\u00fcllen einer L\u00fccke kommt eine angemessene, rechtliche zul\u00e4ssige Regelung zur Anwendung, die dem am n\u00e4chsten kommt, was nach Sinn und Zweck dieser Nutzungsbedingungen bei Kenntnis der Teilnichtigkeit oder L\u00fccke gewollt gewesen w\u00e4re.<\/p>\n<h2>Datenschutz<\/h2>\n<p><strong>1. Erhebung, Verarbeitung und Nutzung Ihrer Daten<\/strong><br \/>\nSie k\u00f6nnen unsere Website besuchen und nutzen, ohne pers\u00f6nliche Angaben machen zu m\u00fcssen. W\u00e4hrend Ihres Besuchs bleiben Sie anonym, denn uns ist es zu keinem Zeitpunkt m\u00f6glich, Sie zu identifizieren, es sei denn, Sie geben ihre Daten freiwillig an.<\/p>\n<p><strong>2. Weitergabe personenbezogener Daten<\/strong><br \/>\nIhre pers\u00f6nlichen Daten werden von uns grunds\u00e4tzlich nicht an Dritte weitergegeben.<\/p>","protected":false},"excerpt":{"rendered":"<p>Imprint Payer-Weyprecht Stra\u00dfe 27 8020 Graz \u00d6sterreich Tel.: 0043 316 262787 Fax: 0043 316 262787 Mobil: 0043 699 11852905 email: kunstGarten@mur.at web: http:\/\/kunstGarten.mur.at USt-ID-NR ATU61501967 \/\/ ZVR 834075080 Disclaimer 1. Haftungsausschluss Die hier angebotenen Inhalte dienen der allgemeinen Information. F\u00fcr die Richtigkeit, Aktualit\u00e4t, Vollst\u00e4ndigkeit und Verf\u00fcgbarkeit der gebotenen Informationen\/Services \u00fcbernehmen wir keine Gew\u00e4hrleistung\/Haftung. Sie k\u00f6nnen&#8230;  <a class=\"excerpt-read-more\" href=\"https:\/\/kunstgarten.at\/en\/impressum\/\" title=\"Read Imprint\">Read more &raquo;<\/a><\/p>\n","protected":false},"author":1,"featured_media":0,"parent":0,"menu_order":10,"comment_status":"closed","ping_status":"closed","template":"page-fullwith.php","meta":{"_links_to":"","_links_to_target":"","footnotes":""},"class_list":["post-74","page","type-page","status-publish","hentry"],"_links":{"self":[{"href":"https:\/\/kunstgarten.at\/en\/wp-json\/wp\/v2\/pages\/74","targetHints":{"allow":["GET"]}}],"collection":[{"href":"https:\/\/kunstgarten.at\/en\/wp-json\/wp\/v2\/pages"}],"about":[{"href":"https:\/\/kunstgarten.at\/en\/wp-json\/wp\/v2\/types\/page"}],"author":[{"embeddable":true,"href":"https:\/\/kunstgarten.at\/en\/wp-json\/wp\/v2\/users\/1"}],"replies":[{"embeddable":true,"href":"https:\/\/kunstgarten.at\/en\/wp-json\/wp\/v2\/comments?post=74"}],"version-history":[{"count":2,"href":"https:\/\/kunstgarten.at\/en\/wp-json\/wp\/v2\/pages\/74\/revisions"}],"predecessor-version":[{"id":6547,"href":"https:\/\/kunstgarten.at\/en\/wp-json\/wp\/v2\/pages\/74\/revisions\/6547"}],"wp:attachment":[{"href":"https:\/\/kunstgarten.at\/en\/wp-json\/wp\/v2\/media?parent=74"}],"curies":[{"name":"wp","href":"https:\/\/api.w.org\/{rel}","templated":true}]}}