{"id":70,"date":"2015-12-15T21:56:52","date_gmt":"2015-12-15T20:56:52","guid":{"rendered":"http:\/\/web435.webbox333.server-home.org\/dferaenbtw\/?page_id=70"},"modified":"2023-10-13T23:18:58","modified_gmt":"2023-10-13T22:18:58","slug":"links","status":"publish","type":"page","link":"https:\/\/kunstgarten.at\/en\/partnerinnen\/links\/","title":{"rendered":"Links"},"content":{"rendered":"<p><a href=\"https:\/\/www.google.com\/maps\/place\/Austrosaat+%C3%96sterr+Samenzucht-+u+Handels+AG\/@47.0376685,15.4372774,17z\/data=!3m1!4b1!4m2!3m1!1s0x476e4aae6b951db9:0x254346153a1589d?hl=de\">Artipool<br \/>\nAustrosaat<\/a>&#8211; erh\u00e4ltlich im guten Fachhandel!<br \/>\n<a href=\"http:\/\/www.artinfo24.com\/\" target=\"_blank\" rel=\"noopener noreferrer\">Ausflugsziele-Gewinnspiel der Kleinen Zeitung<br \/>\nartinfo24.com<\/a><br \/>\n<a href=\"http:\/\/www.uni-graz.at\/garten\/\">Botanischer Garten Graz<\/a><br \/>\n<a href=\"http:\/\/www.boehlau.at\/\" target=\"_blank\" rel=\"noopener noreferrer\">B\u00d6HLAU VERLAG<\/a> (z. B. <a href=\"http:\/\/www.boehlau.at\/978-3-205-99305-6.html, http:\/\/www.boehlau.at\/978-3-205-99352-0.html, http:\/\/www.boehlau.at\/978-3-205-99353-7.html)\">Historische G\u00e4rten \u00d6sterreichs<\/a>)<br \/>\n<a href=\"http:\/\/www.guerrillagardening.org\/\">Guerilla Gardening<\/a><br \/>\n<a href=\"http:\/\/www.wonderful-nature.at\">Gudrun und Paul Lorenz<\/a><\/p>\n<p>&nbsp;<\/p>\n<div id=\"attachment_3591\" style=\"width: 118px\" class=\"wp-caption alignleft\"><img loading=\"lazy\" decoding=\"async\" aria-describedby=\"caption-attachment-3591\" class=\" wp-image-3591\" src=\"https:\/\/kunstgarten.at\/wp-content\/uploads\/2015\/12\/jooble.png\" alt=\"\" width=\"108\" height=\"108\" srcset=\"https:\/\/kunstgarten.at\/wp-content\/uploads\/2015\/12\/jooble.png 250w, https:\/\/kunstgarten.at\/wp-content\/uploads\/2015\/12\/jooble-185x185.png 185w, https:\/\/kunstgarten.at\/wp-content\/uploads\/2015\/12\/jooble-125x125.png 125w\" sizes=\"auto, (max-width: 108px) 100vw, 108px\" \/><p id=\"caption-attachment-3591\" class=\"wp-caption-text\"><a href=\"https:\/\/at.jooble.org\">Job Portal<\/a><\/p><\/div>\n<p><a href=\"http:\/\/www.rosenhof-schultheis.de\/Rosen\/Historische_Rosen\/Noisetterosen\/Gelb\/artikel_631_Marechal_Niel.html\" target=\"_blank\" rel=\"noopener noreferrer\">ROSENHOF Schultheis<\/a>, Walter und Heinrich Schultheis<br \/>\n<a href=\"http:\/\/www.rdb-verlag.de\">Die Rosendatenbank<\/a><br \/>\n<a href=\"http:\/\/www.rogersroses.com\">RogersRoses<\/a><br \/>\n<a href=\"http:\/\/www.theaterspielplan.at\">Theater Spielplan<\/a><br \/>\n<a href=\"http:\/\/www.graz.at\/stadtbibliothek\/\">Stadtbibliothek Graz<\/a><br \/>\n<a href=\"http:\/\/www.naturimgarten.at\/\">Natur im Garten<\/a><br \/>\n<a href=\"http:\/\/botanik.uni-graz.at\/\" target=\"_blank\" rel=\"noopener noreferrer\">Institut f\u00fcr Botanik UNI Graz<\/a><br \/>\n<a href=\"http:\/\/www.ok-centrum.at\/\" target=\"_blank\" rel=\"noopener noreferrer\">OK Centrum f\u00fcr Gegenwartskunst<\/a><br \/>\n<a href=\"http:\/\/www.fiftitu.at\">FIFTITU%<\/a> &#8211; Verein zur F\u00f6rderung von Kunst und Kultur von Frauen<br \/>\n<a href=\"http:\/\/www.kulturservice.steiermark.at\/\" target=\"_blank\" rel=\"noopener noreferrer\">KSG Kultur Service GmbH<\/a><br \/>\n<a href=\"http:\/\/www.steiermark.com\">Steiermark Tourismus<\/a><br \/>\n<a href=\"http:\/\/www.kulturleben.at\">Kulturleben.at<\/a> &#8211; Kulturplattform des bm:bwk<br \/>\n<a href=\"http:\/\/www.baumschule-ecker.com\">Baumschule Ecker, Graz<\/a><br \/>\n<a href=\"http:\/\/www.gat.st\">Steirisches Internetportal f\u00fcr Architektur und Lebensraum<\/a><br \/>\nGartenportal &#8211; <a href=\"http:\/\/www.gartentechnik.de\/\" target=\"_blank\" rel=\"noopener noreferrer\">www.gartentechnik.de<\/a><br \/>\n<a href=\"http:\/\/www.jaw.or.at\/%E2%80%8E\" target=\"_blank\" rel=\"noopener noreferrer\">Jugend am Werk Steiermark GmbH<\/a><br \/>\nG\u00e4rtnerei Christine und Walter Steyskal &#8211; Lazarettg\u00fcrtel 84, 8020 Graz; 0316 \/ 71469<br \/>\n<a href=\"http:\/\/www.musis.at\">MUSIS<\/a> &#8211; Verein zur Unterst\u00fctzung der Museen und Sammlungen in der Steiermark <a href=\"http:\/\/74.125.77.132\/search?q=cache:5uIlrJ4nuuEJ:www.graz.at\/cms\/dokumente\/10037749_374961\/6e418b7d\/Jahresbericht%25202008%2520.pdf+)wir+vom+denggenhof+2009&amp;cd=6&amp;hl=de&amp;ct=clnk&amp;gl=at\" target=\"_blank\" rel=\"noopener noreferrer\"><br \/>\n<\/a><a href=\"http:\/\/www.graz.at\/cms\/beitrag\/10179434\/4089611\/\" target=\"_blank\" rel=\"noopener noreferrer\">Stadtteilarbeit Denggenhof (Gries)<\/a>-Wir vom Denggenhof<br \/>\n<a href=\"http:\/\/www.startblatt.at\/\" target=\"_blank\" rel=\"noopener noreferrer\">www.startblatt.at<\/a><br \/>\n<a href=\"http:\/\/www.artmagazine.cc\/\" target=\"_blank\" rel=\"noopener noreferrer\">www.artmagazine.cc<\/a><br \/>\n<a href=\"http:\/\/www.zemann.at\">Glas Zemann<\/a><br \/>\n<a href=\"http:\/\/www.gartenlinksammlung.de\">Gartenlinksammlung<\/a><br \/>\n<a href=\"http:\/\/www.culturall.de\">CULTURALL<\/a><br \/>\n<a href=\"http:\/\/www.sarastro-stauden.com\">SARASTRO &#8211; Christian H. Kre\u00df<\/a><br \/>\n<a href=\"http:\/\/www.mohik-wertholz.at\">Mohik Wertholz<\/a><br \/>\n<a href=\"http:\/\/www.lesezentrum.at\">Lesezentrum Steiermark Institut f\u00fcr Bibliotheksorganisation, Bibliotheksentwicklung und Lesep\u00e4dagogik <\/a><br \/>\n<a href=\"http:\/\/www.neudorff.de\">W.Neudorff GmbH KG<\/a><br \/>\n<a href=\"http:\/\/www.graz-kultur.at\">CULTURall.info<\/a><br \/>\n<a href=\"http:\/\/www.lames.at\">la musique et sun<\/a><br \/>\n<a href=\"http:\/\/Gardora.at\/wiki\/Gardora.at\">GADORA.AT\/GARTENWIKI <\/a><br \/>\n<a href=\"http:\/\/www.schmid-gartenpflanzen.de\">Schmid Gartenpflanzen<\/a><br \/>\n<a href=\"http:\/\/www.wirsindgarten.com\/\" target=\"_blank\" rel=\"noopener noreferrer\">Wir sind Garten GmbH<br \/>\n<\/a><a href=\"http:\/\/helsinki.at\/news\" target=\"_blank\" rel=\"noopener noreferrer\">Radio Helsinki 92,6 MHz<\/a> <a href=\"http:\/\/www.wohintipp.at\/\" target=\"_blank\" rel=\"noopener noreferrer\"><br \/>\nWohinTipp.at<\/a><br \/>\n&#8220;Wir sind Steiermark!&#8221; Ausflugsziele 2013<br \/>\n<a href=\"http:\/\/www.eine-wohltat.at\/\" target=\"_blank\" rel=\"noopener noreferrer\">Wohltat<br \/>\n<\/a><a href=\"http:\/\/www.steiermark-card.net\/\" target=\"_blank\" rel=\"noopener noreferrer\">Steiermark-Card<br \/>\n<\/a><a href=\"http:\/\/www.baumschule-scherer.at\/\" target=\"_blank\" rel=\"noopener noreferrer\">Baumschule Scherer<\/a><br \/>\n<a href=\"http:\/\/www.ihrsteinmetz.at\/\">Steinmetzbetrieb Fridolin Sillaber<\/a><br \/>\n<a href=\"http:\/\/www.freundederkuenste.de\/\">GESELLSCHAFT FREUNDE DER KUENSTE<\/a><\/p>\n<div id=\"attachment_6782\" style=\"width: 198px\" class=\"wp-caption alignleft\"><img loading=\"lazy\" decoding=\"async\" aria-describedby=\"caption-attachment-6782\" class=\" wp-image-6782\" src=\"https:\/\/kunstgarten.at\/wp-content\/uploads\/2022\/11\/image.png\" alt=\"\" width=\"188\" height=\"107\" srcset=\"https:\/\/kunstgarten.at\/wp-content\/uploads\/2022\/11\/image.png 1544w, https:\/\/kunstgarten.at\/wp-content\/uploads\/2022\/11\/image-400x227.png 400w, https:\/\/kunstgarten.at\/wp-content\/uploads\/2022\/11\/image-1024x582.png 1024w, https:\/\/kunstgarten.at\/wp-content\/uploads\/2022\/11\/image-768x436.png 768w, https:\/\/kunstgarten.at\/wp-content\/uploads\/2022\/11\/image-1536x872.png 1536w, https:\/\/kunstgarten.at\/wp-content\/uploads\/2022\/11\/image-185x105.png 185w\" sizes=\"auto, (max-width: 188px) 100vw, 188px\" \/><p id=\"caption-attachment-6782\" class=\"wp-caption-text\"><a href=\"http:\/\/www.sonnenerde.at\">Sonnenerde GmbH\u00a0<\/a><\/p><\/div>\n<div id=\"attachment_5490\" style=\"width: 286px\" class=\"wp-caption alignleft\"><img loading=\"lazy\" decoding=\"async\" aria-describedby=\"caption-attachment-5490\" class=\"wp-image-5490 \" src=\"https:\/\/kunstgarten.at\/wp-content\/uploads\/2020\/10\/SCHERF-Logo-4c.png\" alt=\"\" width=\"276\" height=\"40\" srcset=\"https:\/\/kunstgarten.at\/wp-content\/uploads\/2020\/10\/SCHERF-Logo-4c.png 1402w, https:\/\/kunstgarten.at\/wp-content\/uploads\/2020\/10\/SCHERF-Logo-4c-400x58.png 400w, https:\/\/kunstgarten.at\/wp-content\/uploads\/2020\/10\/SCHERF-Logo-4c-1024x149.png 1024w, https:\/\/kunstgarten.at\/wp-content\/uploads\/2020\/10\/SCHERF-Logo-4c-768x112.png 768w, https:\/\/kunstgarten.at\/wp-content\/uploads\/2020\/10\/SCHERF-Logo-4c-185x27.png 185w\" sizes=\"auto, (max-width: 276px) 100vw, 276px\" \/><p id=\"caption-attachment-5490\" class=\"wp-caption-text\"><a href=\"https:\/\/www.scherf.at\">Scherf GmbH<\/a><\/p><\/div>\n<div id=\"attachment_7379\" style=\"width: 175px\" class=\"wp-caption alignleft\"><a href=\"https:\/\/www.stuwo.at\"><img loading=\"lazy\" decoding=\"async\" aria-describedby=\"caption-attachment-7379\" class=\" wp-image-7379\" src=\"https:\/\/kunstgarten.at\/wp-content\/uploads\/2023\/10\/Bildschirmfoto-2023-10-13-um-18.34.51.png\" alt=\"\" width=\"165\" height=\"58\" srcset=\"https:\/\/kunstgarten.at\/wp-content\/uploads\/2023\/10\/Bildschirmfoto-2023-10-13-um-18.34.51.png 494w, https:\/\/kunstgarten.at\/wp-content\/uploads\/2023\/10\/Bildschirmfoto-2023-10-13-um-18.34.51-400x141.png 400w, https:\/\/kunstgarten.at\/wp-content\/uploads\/2023\/10\/Bildschirmfoto-2023-10-13-um-18.34.51-185x65.png 185w\" sizes=\"auto, (max-width: 165px) 100vw, 165px\" \/><\/a><p id=\"caption-attachment-7379\" class=\"wp-caption-text\">STUWO<\/p><\/div>\n<p>&nbsp;<\/p>\n<p>&nbsp;<\/p>","protected":false},"excerpt":{"rendered":"<p>Artipool Austrosaat&#8211; erh\u00e4ltlich im guten Fachhandel! Ausflugsziele-Gewinnspiel der Kleinen Zeitung artinfo24.com Botanischer Garten Graz B\u00d6HLAU VERLAG (z. B. Historische G\u00e4rten \u00d6sterreichs) Guerilla Gardening Gudrun und Paul Lorenz &nbsp; ROSENHOF Schultheis, Walter und Heinrich Schultheis Die Rosendatenbank RogersRoses Theater Spielplan Stadtbibliothek Graz Natur im Garten Institut f\u00fcr Botanik UNI Graz OK Centrum f\u00fcr Gegenwartskunst FIFTITU% &#8211;&#8230;  <a class=\"excerpt-read-more\" href=\"https:\/\/kunstgarten.at\/en\/partnerinnen\/links\/\" title=\"Read Links\">Read more &raquo;<\/a><\/p>\n","protected":false},"author":2,"featured_media":0,"parent":1804,"menu_order":3,"comment_status":"closed","ping_status":"closed","template":"","meta":{"_links_to":"","_links_to_target":"","footnotes":""},"class_list":["post-70","page","type-page","status-publish","hentry"],"_links":{"self":[{"href":"https:\/\/kunstgarten.at\/en\/wp-json\/wp\/v2\/pages\/70","targetHints":{"allow":["GET"]}}],"collection":[{"href":"https:\/\/kunstgarten.at\/en\/wp-json\/wp\/v2\/pages"}],"about":[{"href":"https:\/\/kunstgarten.at\/en\/wp-json\/wp\/v2\/types\/page"}],"author":[{"embeddable":true,"href":"https:\/\/kunstgarten.at\/en\/wp-json\/wp\/v2\/users\/2"}],"replies":[{"embeddable":true,"href":"https:\/\/kunstgarten.at\/en\/wp-json\/wp\/v2\/comments?post=70"}],"version-history":[{"count":21,"href":"https:\/\/kunstgarten.at\/en\/wp-json\/wp\/v2\/pages\/70\/revisions"}],"predecessor-version":[{"id":7383,"href":"https:\/\/kunstgarten.at\/en\/wp-json\/wp\/v2\/pages\/70\/revisions\/7383"}],"up":[{"embeddable":true,"href":"https:\/\/kunstgarten.at\/en\/wp-json\/wp\/v2\/pages\/1804"}],"wp:attachment":[{"href":"https:\/\/kunstgarten.at\/en\/wp-json\/wp\/v2\/media?parent=70"}],"curies":[{"name":"wp","href":"https:\/\/api.w.org\/{rel}","templated":true}]}}