{"id":68,"date":"2015-12-15T21:56:23","date_gmt":"2015-12-15T20:56:23","guid":{"rendered":"http:\/\/web435.webbox333.server-home.org\/dferaenbtw\/?page_id=68"},"modified":"2025-02-24T15:30:38","modified_gmt":"2025-02-24T14:30:38","slug":"kooperationen","status":"publish","type":"page","link":"https:\/\/kunstgarten.at\/en\/partnerinnen\/kooperationen\/","title":{"rendered":"cooperations \/ media partners \/ memberships"},"content":{"rendered":"<p><img loading=\"lazy\" decoding=\"async\" class=\"alignleft size-full wp-image-5435\" src=\"https:\/\/kunstgarten.at\/wp-content\/uploads\/2020\/08\/vimuseo-logo.png\" alt=\"\" width=\"800\" height=\"228\" srcset=\"https:\/\/kunstgarten.at\/wp-content\/uploads\/2020\/08\/vimuseo-logo.png 800w, https:\/\/kunstgarten.at\/wp-content\/uploads\/2020\/08\/vimuseo-logo-400x114.png 400w, https:\/\/kunstgarten.at\/wp-content\/uploads\/2020\/08\/vimuseo-logo-768x219.png 768w, https:\/\/kunstgarten.at\/wp-content\/uploads\/2020\/08\/vimuseo-logo-185x53.png 185w\" sizes=\"auto, (max-width: 800px) 100vw, 800px\" \/><\/p>\n<p>&nbsp;<\/p>\n<p>&nbsp;<\/p>\n<p>Tourismusportal &#8220;Steirer Guide&#8221;<\/p>\n<div id=\"logo\"><img loading=\"lazy\" decoding=\"async\" src=\"http:\/\/www.buechersegler.at\/TCMS\/img\/Seil_horiz_logo2.gif\" alt=\"Seil horizontal\" width=\"546\" height=\"60\" \/><\/div>\n<div>\n<p><a href=\"http:\/\/www.buechersegler.at\/\">B\u00fcchersegler &#8211; Buchladen<\/a><\/p>\n<p><cite class=\"_Rm\">www.<strong>buechersegler<\/strong>.at\/ seit 2014<\/cite><\/p>\n<\/div>\n<div><\/div>\n<p><a href=\"http:\/\/www.museum-joanneum.at\/kioer.html\"><img loading=\"lazy\" decoding=\"async\" id=\"house_logo_4044\" title=\"Institut f\u00fcr Kunst im \u00f6ffentlichen Raum Steiermark\" src=\"http:\/\/www.museum-joanneum.at\/fileadmin\/user_upload\/Haeuser-Logos\/Kunst_im_oeffentlichen_Raum_Steiermark_DE.png\" alt=\"Institut f\u00fcr Kunst im \u00f6ffentlichen Raum Steiermark\" width=\"940\" height=\"40\" \/><\/a><a href=\"http:\/\/www.oeffentlichekunststeiermark.at\/\" target=\"_blank\" rel=\"noopener noreferrer\">Institut f\u00fcr Kunst im \u00f6ffentlichen Raum Steiermark 2006\/2007\/2011<\/a><\/p>\n<div id=\"header_all_left\"><\/div>\n<img loading=\"lazy\" decoding=\"async\" title=\"KULTUR MACHT MENSCH \" src=\"http:\/\/www.kultur.steiermark.at\/cms\/bilder\/189809\/80\/150\/26\/ddccdd70\/stempel_KSGblau.JPG\" alt=\"KULTUR MACHT MENSCH \" width=\"150\" height=\"26\" \/>\n<h2><strong><span style=\"color: #a3d1c7;\">kunstGarten -MEMBERSHIP<\/span><\/strong><\/h2>\n<div id=\"attachment_3575\" style=\"width: 298px\" class=\"wp-caption alignleft\"><img loading=\"lazy\" decoding=\"async\" aria-describedby=\"caption-attachment-3575\" class=\" wp-image-3575\" src=\"https:\/\/kunstgarten.at\/wp-content\/uploads\/2015\/12\/hakuk_logo_col_72dpi.jpg\" alt=\"\" width=\"288\" height=\"285\" srcset=\"https:\/\/kunstgarten.at\/wp-content\/uploads\/2015\/12\/hakuk_logo_col_72dpi.jpg 425w, https:\/\/kunstgarten.at\/wp-content\/uploads\/2015\/12\/hakuk_logo_col_72dpi-400x395.jpg 400w, https:\/\/kunstgarten.at\/wp-content\/uploads\/2015\/12\/hakuk_logo_col_72dpi-185x183.jpg 185w, https:\/\/kunstgarten.at\/wp-content\/uploads\/2015\/12\/hakuk_logo_col_72dpi-125x125.jpg 125w\" sizes=\"auto, (max-width: 288px) 100vw, 288px\" \/><p id=\"caption-attachment-3575\" class=\"wp-caption-text\">Kulturpass<\/p><\/div>\n<p>Hunger for art and culture<\/p>\n<p>&#8211; Hunger for art and culture: In the understanding of human rights, kunstGarten wants to give free access to those people who unfortunately cannot afford to enter our museum due to their current living situation &#8211; by means of the KulturPass campaign &#8220;Hunger for Art &amp; Culture&#8221;. Participation in selected programmes is also free. www.hungeraufkunstundkultur.at: kunstGarten wants to give free access to those people who unfortunately cannot afford to enter our museum due to their current living situation &#8211; by means of the KulturPass campaign &#8220;Hunger for Art &amp; Culture&#8221;. Participation in selected programmes is also free:<br \/>\nSince the number of seats is small and kunstGarten is dependent on support, this applies to <strong>4 visitors per programme<\/strong>. www.hungeraufkunstundkultur.at<\/p>\n<p>&nbsp;<\/p>\n<p>&nbsp;<\/p>\n<h1><a href=\"https:\/\/www.bvoe.at\">BV\u00d6<\/a><\/h1>\n<div id=\"attachment_1377\" style=\"width: 229px\" class=\"wp-caption alignleft\"><img loading=\"lazy\" decoding=\"async\" aria-describedby=\"caption-attachment-1377\" class=\"size-full wp-image-1377\" src=\"https:\/\/kunstgarten.at\/wp-content\/uploads\/2016\/02\/steirerguide3d_logo_klein1.png\" alt=\"\" width=\"219\" height=\"106\" srcset=\"https:\/\/kunstgarten.at\/wp-content\/uploads\/2016\/02\/steirerguide3d_logo_klein1.png 219w, https:\/\/kunstgarten.at\/wp-content\/uploads\/2016\/02\/steirerguide3d_logo_klein1-185x90.png 185w\" sizes=\"auto, (max-width: 219px) 100vw, 219px\" \/><p id=\"caption-attachment-1377\" class=\"wp-caption-text\">Tourismusportal &#8220;Steirer Guide&#8221;<\/p><\/div>\n<div id=\"attachment_6492\" style=\"width: 222px\" class=\"wp-caption alignleft\"><img loading=\"lazy\" decoding=\"async\" aria-describedby=\"caption-attachment-6492\" class=\"size-full wp-image-6492\" src=\"https:\/\/kunstgarten.at\/wp-content\/uploads\/2022\/08\/Bildschirmfoto-2022-08-16-um-16.12.30.png\" alt=\"\" width=\"212\" height=\"188\" srcset=\"https:\/\/kunstgarten.at\/wp-content\/uploads\/2022\/08\/Bildschirmfoto-2022-08-16-um-16.12.30.png 212w, https:\/\/kunstgarten.at\/wp-content\/uploads\/2022\/08\/Bildschirmfoto-2022-08-16-um-16.12.30-185x164.png 185w\" sizes=\"auto, (max-width: 212px) 100vw, 212px\" \/><p id=\"caption-attachment-6492\" class=\"wp-caption-text\">https:\/\/www.musis.at<\/p><\/div>\n<p>:<\/p>\n<img loading=\"lazy\" decoding=\"async\" class=\" wp-image-2797\" src=\"https:\/\/kunstgarten.at\/wp-content\/uploads\/2016\/03\/Steiermark_Card-abger.jpg\" alt=\"\" width=\"450\" height=\"291\" srcset=\"https:\/\/kunstgarten.at\/wp-content\/uploads\/2016\/03\/Steiermark_Card-abger.jpg 1004w, https:\/\/kunstgarten.at\/wp-content\/uploads\/2016\/03\/Steiermark_Card-abger-400x259.jpg 400w, https:\/\/kunstgarten.at\/wp-content\/uploads\/2016\/03\/Steiermark_Card-abger-768x497.jpg 768w, https:\/\/kunstgarten.at\/wp-content\/uploads\/2016\/03\/Steiermark_Card-abger-185x120.jpg 185w\" sizes=\"auto, (max-width: 450px) 100vw, 450px\" \/>\n<p>&nbsp;<\/p>\n<img loading=\"lazy\" decoding=\"async\" class=\"alignleft wp-image-4349\" src=\"https:\/\/kunstgarten.at\/wp-content\/uploads\/2015\/12\/IG-Kultur-LILA-SCHWARZ_200x700.jpg\" alt=\"\" width=\"370\" height=\"106\" srcset=\"https:\/\/kunstgarten.at\/wp-content\/uploads\/2015\/12\/IG-Kultur-LILA-SCHWARZ_200x700.jpg 220w, https:\/\/kunstgarten.at\/wp-content\/uploads\/2015\/12\/IG-Kultur-LILA-SCHWARZ_200x700-185x53.jpg 185w\" sizes=\"auto, (max-width: 370px) 100vw, 370px\" \/>\n<p>&nbsp;<\/p>\n<img loading=\"lazy\" decoding=\"async\" class=\"alignleft wp-image-5241\" src=\"https:\/\/kunstgarten.at\/wp-content\/uploads\/2020\/05\/image.png\" alt=\"\" width=\"400\" height=\"108\" srcset=\"https:\/\/kunstgarten.at\/wp-content\/uploads\/2020\/05\/image.png 222w, https:\/\/kunstgarten.at\/wp-content\/uploads\/2020\/05\/image-185x50.png 185w\" sizes=\"auto, (max-width: 400px) 100vw, 400px\" \/>\n<p>&nbsp;<\/p>\n<p>&nbsp;<\/p>\n<p>&nbsp;<\/p>\n<p>&nbsp;<\/p>\n<p>&nbsp;<\/p>\n<p>&nbsp;<\/p>\n<div id=\"attachment_3309\" style=\"width: 170px\" class=\"wp-caption alignleft\"><img loading=\"lazy\" decoding=\"async\" aria-describedby=\"caption-attachment-3309\" class=\"size-full wp-image-3309\" src=\"https:\/\/kunstgarten.at\/wp-content\/uploads\/2017\/11\/Logo-aktuelle-kunst-1.jpg\" alt=\"\" width=\"160\" height=\"160\" srcset=\"https:\/\/kunstgarten.at\/wp-content\/uploads\/2017\/11\/Logo-aktuelle-kunst-1.jpg 160w, https:\/\/kunstgarten.at\/wp-content\/uploads\/2017\/11\/Logo-aktuelle-kunst-1-125x125.jpg 125w\" sizes=\"auto, (max-width: 160px) 100vw, 160px\" \/><p id=\"caption-attachment-3309\" class=\"wp-caption-text\">contemporary art in graz\/aktuelle kunst in graz (2010 &#8230;)<\/p><\/div>\n<img loading=\"lazy\" decoding=\"async\" class=\"alignleft wp-image-5224\" src=\"https:\/\/kunstgarten.at\/wp-content\/uploads\/2020\/02\/Naturschaugarten-Logo.jpg\" alt=\"\" width=\"380\" height=\"382\" srcset=\"https:\/\/kunstgarten.at\/wp-content\/uploads\/2020\/02\/Naturschaugarten-Logo.jpg 927w, https:\/\/kunstgarten.at\/wp-content\/uploads\/2020\/02\/Naturschaugarten-Logo-400x402.jpg 400w, https:\/\/kunstgarten.at\/wp-content\/uploads\/2020\/02\/Naturschaugarten-Logo-768x772.jpg 768w, https:\/\/kunstgarten.at\/wp-content\/uploads\/2020\/02\/Naturschaugarten-Logo-185x185.jpg 185w, https:\/\/kunstgarten.at\/wp-content\/uploads\/2020\/02\/Naturschaugarten-Logo-125x125.jpg 125w\" sizes=\"auto, (max-width: 380px) 100vw, 380px\" \/>\n<p>&nbsp;<\/p>\n<p>&nbsp;<\/p>\n<p>&nbsp;<\/p>\n<p>&nbsp;<\/p>\n<p>&nbsp;<\/p>\n<p>&nbsp;<\/p>\n<p>&nbsp;<\/p>\n<p>&nbsp;<\/p>\n<p>2019-2022<\/p>\n<p><strong><span style=\"color: #a3d1c7;\">&#8212;&#8212;&#8212;&#8212;&#8212;&#8212;&#8212;&#8212;&#8212;&#8212;&#8212;&#8212;&#8212;&#8212;&#8212;&#8212;&#8212;&#8212;&#8212;&#8212;&#8212;&#8212;&#8212;&#8212;&#8212;&#8212;&#8212;&#8212;&#8212;&#8212;&#8212;<\/span><\/strong><\/p>\n<p>&nbsp;<\/p>\n<p>&nbsp;<\/p>\n<p><a href=\"http:\/\/www.kultur.steiermark.at\/cms\/beitrag\/10925301\/6537958\/\" target=\"_blank\" rel=\"noopener noreferrer\">KULTUR MACHT MENSCH<\/a><\/p>\n<p><strong><a href=\"http:\/\/www.plautz.at\/\" target=\"_blank\" rel=\"noopener noreferrer\">Buchhandlung Plautz KG<\/a><\/strong><\/p>\n<p><a href=\"http:\/\/www.kulm.net\/\"><img loading=\"lazy\" decoding=\"async\" src=\"http:\/\/www.kulm.net\/images\/kulm_logo.gif\" alt=\"Kunstproduktion K.U.L.M.\" width=\"293\" height=\"50\" border=\"0\" \/><\/a><img decoding=\"async\" src=\"http:\/\/www.kulturvermittlung.org\/medien\/logos\/kultrent.gif\" alt=\"\" width=\"100px\" \/>immer wieder!<\/p>\n<img loading=\"lazy\" decoding=\"async\" src=\"http:\/\/www.in-dust.org\/ANDRAEKUNST.jpg\" alt=\"\" width=\"74\" height=\"37\" \/>\n<p>Pfarrer Hermann Glettler (Andr\u00e4 Kunst) 2004\/2007<a href=\"http:\/\/www.graz.at\/\" target=\"_blank\" rel=\"noopener noreferrer\"><img loading=\"lazy\" decoding=\"async\" title=\"Stadt Graz\" src=\"http:\/\/web435.webbox333.server-home.org\/uploadfiles\/pictures\/1231695420\/1231696613.jpg\" alt=\"Stadt Graz\" width=\"112\" height=\"61\" \/><\/a><\/p>\n<p>Abteilung f\u00fcr Gr\u00fcnraum und Gew\u00e4sser 2006\/2007[<a href=\"http:\/\/web455.webbox333.server-home.org\/index.php\" target=\"_blank\" rel=\"noopener noreferrer\"><img loading=\"lazy\" decoding=\"async\" src=\"http:\/\/web455.webbox333.server-home.org\/images\/schaumbad_logo_g.png\" alt=\"logo schaumbad\" width=\"185\" height=\"41\" longdesc=\"http:\/\/kunstgarten.mur.at\/logo%20schaumbad\" border=\"0\" \/><\/a><\/p>\n<p>2013, 2014, 2015<\/p>\n<p><a href=\"http:\/\/www.pef.um.si\/145\/home\" target=\"_blank\" rel=\"noopener noreferrer\">Faculty of Education \/ University of Maribor<\/a> 2013<\/p>\n<p><a href=\"http:\/\/www.raumplanung.steiermark.at\/cms\/beitrag\/11651049\/1115050\/\" target=\"_blank\" rel=\"noopener noreferrer\">GRENZ-FREI <\/a><\/p>\n<p><a href=\"http:\/\/www.galerientage-graz.at\/\" target=\"_blank\" rel=\"noopener noreferrer\"><em><strong><img loading=\"lazy\" decoding=\"async\" title=\"kooperationen\/akig\" src=\"http:\/\/web435.webbox333.server-home.org\/uploadfiles\/pictures\/1231695420\/1273916204.jpg\" alt=\"kooperationen\/akig\" width=\"35\" height=\"61\" \/><\/strong><\/em><\/a><\/p>\n<p><a href=\"http:\/\/www.galerientage-graz.at\/\" target=\"_blank\" rel=\"noopener noreferrer\"><em><strong>contemporary art in graz<\/strong><\/em><\/a> ab 2010<\/p>\n<a href=\"http:\/\/ursprung.mur.at\/archetypic\/paradies1.html\" target=\"_blank\" rel=\"noopener noreferrer\"><img loading=\"lazy\" decoding=\"async\" src=\"http:\/\/ursprung.mur.at\/directory\/hund_blue2.jpg\" alt=\"\" width=\"24\" height=\"36\" align=\"top\" border=\"1\" \/><\/a>\n<p><a href=\"http:\/\/ursprung.mur.at\/archetypic\/paradies1.html\" target=\"_blank\" rel=\"noopener noreferrer\">Eva Ursprung<\/a> http:\/\/<a href=\"http:\/\/ursprung.mur.at\/\" target=\"_blank\" rel=\"noopener noreferrer\">ursprung.mur.at<\/a><\/p>\n<p><a href=\"http:\/\/www.vogelfrei-kunst.de\/\" target=\"_blank\" rel=\"noopener noreferrer\">Vogelfrei &#8211; Kunstentdeckungen in Privatg\u00e4rten, Darmstadt <\/a><\/p>\n<a href=\"http:\/\/2015.vogelfrei.info\/\"><img loading=\"lazy\" decoding=\"async\" title=\"umetnostna\" src=\"http:\/\/web435.webbox333.server-home.org\/uploadfiles\/pictures\/1231695420\/1231696660.jpg\" alt=\"umetnostna\" width=\"112\" height=\"61\" \/><\/a>\n<a href=\"http:\/\/2015.vogelfrei.info\/\" target=\"_blank\" rel=\"noopener noreferrer\">UMETNOSTNA GALERIJA MARIBOR 2005<\/a>[\/one_half_last]<div class='content-column one_half'><\/div><a href=\"http:\/\/www.werkstatt-kollerschlag.com\/\" target=\"_blank\" rel=\"noopener noreferrer\"><img loading=\"lazy\" decoding=\"async\" src=\"http:\/\/www.werkstatt-kollerschlag.com\/gfx\/logo.gif\" alt=\"\" width=\"124\" height=\"71\" \/><\/a>\n<p>THE SCULPTURE COMPANY 2005<\/div><div class='content-column one_half last_column'><a href=\"http:\/\/www.eugenlendl.com\/\" target=\"_blank\" rel=\"noopener noreferrer\"><img loading=\"lazy\" decoding=\"async\" title=\"Eugen Lendl\" src=\"http:\/\/web435.webbox333.server-home.org\/uploadfiles\/pictures\/1231695420\/1231696364.jpg\" alt=\"Eugen Lendl\" width=\"112\" height=\"61\" \/><\/a><\/p>\n<p>2006[<a href=\"http:\/\/www.kulturserver-graz.at\/\" target=\"_blank\" rel=\"noopener noreferrer\"><img loading=\"lazy\" decoding=\"async\" title=\"Kulturserver\" src=\"http:\/\/web435.webbox333.server-home.org\/uploadfiles\/pictures\/1231695420\/1231696426.jpg\" alt=\"Kulturserver\" width=\"112\" height=\"61\" \/><\/a><\/p>\n<img loading=\"lazy\" decoding=\"async\" title=\"Graz Tourismus\" src=\"http:\/\/web435.webbox333.server-home.org\/uploadfiles\/pictures\/1231695420\/1231696379.jpg\" alt=\"Graz Tourismus\" width=\"112\" height=\"61\" \/>\n<p><a href=\"http:\/\/www.graztourismus.at\/\" target=\"_blank\" rel=\"noopener noreferrer\">Graz Tourismus<\/a><\/p>\n<a href=\"http:\/\/kunstgarten.mur.at\/kig.mur.at\" target=\"_blank\" rel=\"noopener noreferrer\"><img loading=\"lazy\" decoding=\"async\" title=\"KiG\" src=\"http:\/\/web435.webbox333.server-home.org\/uploadfiles\/pictures\/1231695420\/1231696412.jpg\" alt=\"KiG\" width=\"53\" height=\"43\" \/><\/a>\n<a href=\"http:\/\/ub.uni-graz.at\/reuse\/\" target=\"_blank\" rel=\"noopener noreferrer\"><img loading=\"lazy\" decoding=\"async\" title=\"reUSE\" src=\"http:\/\/web435.webbox333.server-home.org\/uploadfiles\/pictures\/1231695420\/1231696589.jpg\" alt=\"reUSE\" width=\"112\" height=\"61\" \/><\/a>\n<a href=\"http:\/\/helsinki.mur.at\/\" target=\"_blank\" rel=\"noopener noreferrer\"><img loading=\"lazy\" decoding=\"async\" src=\"http:\/\/web435.webbox333.server-home.org\/uploadfiles\/pictures\/1231695420\/1281551991.jpg\" alt=\"\" width=\"100\" height=\"27\" \/><\/a>\n<p>Radio Helsinki 92,6 MHz<a href=\"http:\/\/www.lsr-stmk.gv.at\/\" target=\"_blank\" rel=\"noopener noreferrer\"><img loading=\"lazy\" decoding=\"async\" title=\"Landesschulrat Steiermark\" src=\"http:\/\/web435.webbox333.server-home.org\/uploadfiles\/pictures\/1231695420\/1231696441.jpg\" alt=\"Landesschulrat Steiermark\" width=\"112\" height=\"61\" \/><\/a><\/p>\n<p>Landesschulrat Steiermark 2006<\/p>\n<p><a href=\"http:\/\/www.holding-graz.at\/bestattung.html\" target=\"_blank\" rel=\"noopener noreferrer\">Bestattung Graz<\/a><\/p>\n<a href=\"http:\/\/www.zebra.or.at\/\" target=\"_blank\" rel=\"noopener noreferrer\"><img loading=\"lazy\" decoding=\"async\" title=\"Zebra\" src=\"http:\/\/web435.webbox333.server-home.org\/uploadfiles\/pictures\/1231695420\/1231696703.jpg\" alt=\"Zebra\" width=\"112\" height=\"61\" \/><\/a>\n<p>&nbsp;<\/p>\n<p>Projekt AGALA 2006 Arbeit mit Immigrant*innen &#8211; G\u00e4rtnern, Anlegen einer H\u00e4ngende G\u00e4rten-Installation Jakominiplatz, Anlegen des Hartmut Skerbisch GARTENLABYRINTHs Auf der T\u00e4ndelwiese, 8020 Graz<\/p><\/div><div class='clear_column'><\/div><div class='content-column one_half'><\/div><a href=\"http:\/\/www.soelker.at\/\" target=\"_blank\" rel=\"noopener noreferrer\"><img loading=\"lazy\" decoding=\"async\" title=\"kooperationen\/soelker\" src=\"http:\/\/web435.webbox333.server-home.org\/uploadfiles\/pictures\/1231695420\/1235992031.jpg\" alt=\"kooperationen\/soelker\" width=\"137\" height=\"74\" \/><\/a><\/p>\n<a href=\"http:\/\/www.soelker.at\/\" target=\"_blank\" rel=\"noopener noreferrer\">2006<\/a><img loading=\"lazy\" decoding=\"async\" src=\"http:\/\/nil.mur.at\/2010\/Portal_NIL03-Post2.JPG\" alt=\"\" width=\"150\" height=\"99\" border=\"0\" \/>\n<a href=\"http:\/\/nil.mur.at\/\" target=\"_blank\" rel=\"noopener noreferrer\">Baodo im NIL<\/a>, Kunstraum und CAFE \/\/ 2006[<a href=\"http:\/\/www.weikhard.at\/\" target=\"_blank\" rel=\"noopener noreferrer\"><img loading=\"lazy\" decoding=\"async\" title=\"Weikhard\" src=\"http:\/\/web435.webbox333.server-home.org\/uploadfiles\/pictures\/1231695420\/1231696673.jpg\" alt=\"Weikhard \" width=\"112\" height=\"61\" \/><\/a>\n<p>Uhren Weikhard, Graz 2006<a href=\"http:\/\/www.graz.at\/\" target=\"_blank\" rel=\"noopener noreferrer\"><img loading=\"lazy\" decoding=\"async\" title=\"Stadt Graz\" src=\"http:\/\/web435.webbox333.server-home.org\/uploadfiles\/pictures\/1231695420\/1231696613.jpg\" alt=\"Stadt Graz\" width=\"112\" height=\"61\" \/><\/a><\/p>\n<p>Stadt Graz, Mag. Abt. 8\/4 &#8211; Liegenschaftsverkehr 2006-2011<a href=\"http:\/\/www.telekom.at\/\" target=\"_blank\" rel=\"noopener noreferrer\"><img loading=\"lazy\" decoding=\"async\" title=\"Telekom Austria\" src=\"http:\/\/web435.webbox333.server-home.org\/uploadfiles\/pictures\/1231695420\/1231696645.jpg\" alt=\"Telekom Austria\" width=\"112\" height=\"61\" \/><\/a><\/p>\n<p>TELEKOM AUSTRIA 2006\/07 &#8230;<a href=\"http:\/\/www.justleitern.com\/\" target=\"_blank\" rel=\"noopener noreferrer\"><img loading=\"lazy\" decoding=\"async\" title=\"Just\" src=\"http:\/\/web435.webbox333.server-home.org\/uploadfiles\/pictures\/1231695420\/1231696403.jpg\" alt=\"Just\" width=\"112\" height=\"61\" \/><\/a><\/p>\n<p>Seit 2006<a href=\"http:\/\/www.sbs.fh-joanneum.at\/\" target=\"_blank\" rel=\"noopener noreferrer\"><img loading=\"lazy\" decoding=\"async\" title=\"Summer Business School\" src=\"http:\/\/web435.webbox333.server-home.org\/uploadfiles\/pictures\/1231695420\/1231696631.jpg\" alt=\"Summer Business School\" width=\"112\" height=\"61\" \/><\/a><\/p>\n<p>SUMMER BUSINESS SCHOOL FH JOANNEUM<a href=\"http:\/\/langenacht1.orf.at\/\" target=\"_blank\" rel=\"noopener noreferrer\"><img loading=\"lazy\" decoding=\"async\" title=\"Zu ORF.at\" src=\"http:\/\/langenacht.orf.at\/fileadmin\/museen\/img\/lndm_imagelogo.gif\" alt=\"Zu ORF.at\" width=\"250\" height=\"57\" \/><\/a><\/p>\n<p>seit 2006<a href=\"http:\/\/www.scherf.at\/\" target=\"_blank\" rel=\"noopener noreferrer\"><img loading=\"lazy\" decoding=\"async\" class=\"\" title=\"Scherf\" src=\"http:\/\/web435.webbox333.server-home.org\/uploadfiles\/pictures\/1231695420\/1231696601.jpg\" alt=\"Scherf\" width=\"246\" height=\"134\" \/><\/a><\/p>\n<p>&nbsp;<\/p>\n<p><a href=\"http:\/\/www.museumstag.de\/\" target=\"_blank\" rel=\"noopener noreferrer\">33. Internationale\/r Museumstag, -nacht <\/a><a href=\"http:\/\/www.museumstag.de\/\" target=\"_blank\" rel=\"noopener noreferrer\">seit 2010<\/a><\/p>\n<p><a href=\"http:\/\/www.tag-der-offenen-tuer.at\/\" target=\"_blank\" rel=\"noopener noreferrer\"><span lang=\"DE\">ART GUIDE<\/span><\/a> \/ Tag der offenen T\u00fcr 2009, 2011, 2013, 2015, 2017<\/p>\n<p><strong>Biohof Luttenberger<br \/>\n<\/strong>Badeggerstra\u00dfe 30. 8144 Tobelbad. 0316\/62144<\/p>\n<p><strong>Biomarkt im Hof der Landwirtschaftsschule Alt-Grottenhof<br \/>\n<\/strong>(Krottendorferstr. 110, 8052 Graz)<br \/>\njeden Freitag von 12:00-17:00 Uhr<\/p>\n<p>&nbsp;<\/p>\n<p>seit 2011<\/p>\n<p>2010, 2011<a href=\"http:\/\/www.hilger.at\/\" target=\"_blank\" rel=\"noopener noreferrer\"><img loading=\"lazy\" decoding=\"async\" id=\"obj_799\" src=\"http:\/\/www.hilger.at\/799_DE.gif\" alt=\"\" width=\"252\" height=\"20\" border=\"0\" \/><\/a><\/p>\n<p>2011<\/p>\n<p>ab 2014<a href=\"http:\/\/www.freundederkuenste.de\/\" target=\"_blank\" rel=\"noopener noreferrer\"><img loading=\"lazy\" decoding=\"async\" src=\"http:\/\/www.freundederkuenste.de\/fileadmin\/templates\/img\/1.jpeg\" alt=\"GESELLSCHAFT FREUNDE DER KUENSTE\" width=\"267\" height=\"17\" \/><\/a><\/p>\n<p>&nbsp;<\/p>\n<p>&nbsp;<\/p>","protected":false},"excerpt":{"rendered":"<p>Sorry, this entry is only available in Deutsch.<\/p>\n","protected":false},"author":1,"featured_media":0,"parent":1804,"menu_order":2,"comment_status":"closed","ping_status":"closed","template":"","meta":{"_links_to":"","_links_to_target":"","footnotes":""},"class_list":["post-68","page","type-page","status-publish","hentry"],"_links":{"self":[{"href":"https:\/\/kunstgarten.at\/en\/wp-json\/wp\/v2\/pages\/68","targetHints":{"allow":["GET"]}}],"collection":[{"href":"https:\/\/kunstgarten.at\/en\/wp-json\/wp\/v2\/pages"}],"about":[{"href":"https:\/\/kunstgarten.at\/en\/wp-json\/wp\/v2\/types\/page"}],"author":[{"embeddable":true,"href":"https:\/\/kunstgarten.at\/en\/wp-json\/wp\/v2\/users\/1"}],"replies":[{"embeddable":true,"href":"https:\/\/kunstgarten.at\/en\/wp-json\/wp\/v2\/comments?post=68"}],"version-history":[{"count":52,"href":"https:\/\/kunstgarten.at\/en\/wp-json\/wp\/v2\/pages\/68\/revisions"}],"predecessor-version":[{"id":8080,"href":"https:\/\/kunstgarten.at\/en\/wp-json\/wp\/v2\/pages\/68\/revisions\/8080"}],"up":[{"embeddable":true,"href":"https:\/\/kunstgarten.at\/en\/wp-json\/wp\/v2\/pages\/1804"}],"wp:attachment":[{"href":"https:\/\/kunstgarten.at\/en\/wp-json\/wp\/v2\/media?parent=68"}],"curies":[{"name":"wp","href":"https:\/\/api.w.org\/{rel}","templated":true}]}}