{"id":42,"date":"2015-12-15T21:49:37","date_gmt":"2015-12-15T20:49:37","guid":{"rendered":"http:\/\/web435.webbox333.server-home.org\/dferaenbtw\/?page_id=42"},"modified":"2020-06-14T21:03:19","modified_gmt":"2020-06-14T20:03:19","slug":"gartenkunst","status":"publish","type":"page","link":"https:\/\/kunstgarten.at\/en\/about\/gartenkunst\/","title":{"rendered":"Garden Art"},"content":{"rendered":"<p><\/p>\n<h1 style=\"text-align: center;\">Brigitte Franzen:<br \/>\n&#8220;paradise lost&#8221; as heterotopia<\/h1>\n<img loading=\"lazy\" decoding=\"async\" class=\"size-large wp-image-991 aligncenter\" src=\"https:\/\/kunstgarten.at\/wp-content\/uploads\/2016\/02\/Picture9-1024x713.jpg\" alt=\"Aus THE GARDENS OF VLADIMIR SITTA (Tempe Macgowan)\" width=\"680\" height=\"473\" srcset=\"https:\/\/kunstgarten.at\/wp-content\/uploads\/2016\/02\/Picture9-1024x713.jpg 1024w, https:\/\/kunstgarten.at\/wp-content\/uploads\/2016\/02\/Picture9-400x278.jpg 400w, https:\/\/kunstgarten.at\/wp-content\/uploads\/2016\/02\/Picture9-185x129.jpg 185w, https:\/\/kunstgarten.at\/wp-content\/uploads\/2016\/02\/Picture9.jpg 1422w\" sizes=\"auto, (max-width: 680px) 100vw, 680px\" \/>\n<p>In &#8220;Other rooms \/ other spaces&#8221;, his much-quoted lecture, Michel Foucault defines the garden as h\u00e9t\u00e9rotopie &#8211; a term which designates &#8220;real places&#8221; understood to be the actual realisation of utopias. Heterotopias are said to be able &#8220;to unite several spaces, several entities that are in themselves disparate and incompatible, in one single place: in such as way that conditions marked or reflected by those entities, are neutralised or inverted.&#8221; Apart from psychatric clinics, cementries, theatres, cinemas, museums and libraries, brothels, colonies and ships, which all present their various different heterotopic characteristics, it is the garden that Foucalt considers &#8220;perhabs to be &#8230; the oldestof these heterotopias with their conflicting placements.&#8221; He describes the Persian garden as a sanctified space, whose division into four parts represents the four corners of the world, and whose holy central space is the navel of the world.<\/p>\n<p>Foucalut describes how such a garden was reproduced and &#8220;mobilized&#8221;, in Persian carpets. In his view, this transformation shows that the garden is both &#8220;the smallest plot of land&#8221;, and &#8220;the world in its tatality&#8221;. He therefore calls the garden a &#8220;sanctified and all-embracingheterotopia&#8221;.<\/p>\n<div class='content-column one_half'><div id=\"attachment_1009\" style=\"width: 690px\" class=\"wp-caption alignnone\"><img loading=\"lazy\" decoding=\"async\" aria-describedby=\"caption-attachment-1009\" class=\"wp-image-1009 size-sliderbild\" src=\"https:\/\/kunstgarten.at\/wp-content\/uploads\/2016\/02\/Bagh-e_Eram-1035x690.jpg\" alt=\"Bagh-e Eram, Schiras\" width=\"680\" height=\"453\" \/><p id=\"caption-attachment-1009\" class=\"wp-caption-text\">Bagh-e Eram, Schiras<\/p><\/div><\/div><div class='content-column one_half last_column'><div id=\"attachment_994\" style=\"width: 690px\" class=\"wp-caption alignnone\"><img loading=\"lazy\" decoding=\"async\" aria-describedby=\"caption-attachment-994\" class=\"wp-image-994 size-sliderbild\" src=\"https:\/\/kunstgarten.at\/wp-content\/uploads\/2016\/02\/www.pinterest.com_-1035x690.jpg\" alt=\"Japanese Gardens at the Chicago Botanic Garden (Elizabeth Hubert Malott)\" width=\"680\" height=\"453\" \/><p id=\"caption-attachment-994\" class=\"wp-caption-text\">Japanese Gardens at the Chicago Botanic Garden (Elizabeth Hubert Malott)<\/p><\/div><\/div><div class='clear_column'><\/div><\/p>\n<p>In this definition, Foucault\u00b4s takes his bearings from an image of the garden that is close to the Islamic (and also the Christian and Jewish) principle of the origin of paradiese, or the Garden of Eden. There, becming truly human is inexorably linked with man\u00b4s place to live as assigned to him by God, that is, in the paradise-like garden. As long as there is no Fall, man has no place outside this place. At the same time, paradise unites in ttself all possible other places: there isn\u00b4t any question of &#8220;the outside&#8221;, even &#8230; (&#8230;)<\/p>\n<div class='content-column one_half'><div id=\"attachment_1000\" style=\"width: 690px\" class=\"wp-caption alignnone\"><img loading=\"lazy\" decoding=\"async\" aria-describedby=\"caption-attachment-1000\" class=\"wp-image-1000 size-sliderbild\" src=\"https:\/\/kunstgarten.at\/wp-content\/uploads\/2016\/02\/Parc_del_Laberint_dHorta_Barcelona_1-1-1035x690.jpg\" alt=\"Das Labyrinth im Parc del Laberint d\u2019Horta in Barcelona, Katalonien (Spanien), Foto Till F. Teenck\" width=\"680\" height=\"453\" \/><p id=\"caption-attachment-1000\" class=\"wp-caption-text\">Das Labyrinth im Parc del Laberint d\u2019Horta in Barcelona, Katalonien (Spanien), Foto Till F. Teenck<\/p><\/div><\/div><div class='content-column one_half last_column'><div id=\"attachment_1001\" style=\"width: 690px\" class=\"wp-caption alignnone\"><img loading=\"lazy\" decoding=\"async\" aria-describedby=\"caption-attachment-1001\" class=\"wp-image-1001 size-sliderbild\" src=\"https:\/\/kunstgarten.at\/wp-content\/uploads\/2016\/02\/Heian-jingu_shinen_IMG_5748_0-25-1035x690.jpg\" alt=\"Heian-jingu shinen (Heian Shrine garden), Kyoto, Japan \" width=\"680\" height=\"453\" \/><p id=\"caption-attachment-1001\" class=\"wp-caption-text\">Heian-jingu shinen (Heian Shrine garden), Kyoto, Japan<\/p><\/div><\/div><div class='clear_column'><\/div><\/p>\n<p>Not before the tasting of the forbidden fruit from the Tree of Knowledge will human perception be altered, indeed distorted: human beings realise they are naked; they realise and painfully experience the border that separates paradise from &#8220;outside&#8221;, from the second type of nature that is land to be worked. In this way, the need for survival is explained, in cultivating this land, and in striving (at least) for something similar to paradise &#8211; which will at all events be unreachable.<\/p>\n<h6><\/h6>\n<img loading=\"lazy\" decoding=\"async\" class=\"wp-image-996 size-sliderbild aligncenter\" src=\"https:\/\/kunstgarten.at\/wp-content\/uploads\/2016\/02\/Cindy-Knoke1-1035x690.jpg\" alt=\"Sunnylands (Annenberg Gardens), Palm Springs California, Architekt: James Burnett, Foto Cindy Knoke\" width=\"680\" height=\"453\" \/>\n<p>The garden is a place of longing, a place in the mind, where the wish to return is impossible to fulfill. In this context, gardens are places in between; places that simulate the conditions of paradise, that have been fought for an won from nature: which however must never show the labour invested in them. To put the &#8220;creator&#8221; in first place, the parctical gardener often remains invisible, in artistic ways of redeption as well as in art history\u00b4s reception of the garden.<\/p>\n<h6>In: Brigite Franzen: Die vierte Natur. G\u00e4rten in der zeitgen\u00f6ssischen Kunst. K\u00f6ln: K\u00f6nig 2000.<\/h6>\n<h1 style=\"text-align: center;\"><span style=\"color: #ed6764;\">Etymologien<\/span><\/h1>\n<p><span style=\"color: #ed6764;\"><div class='content-column one_half'><div style=\"padding-left:120px;\"><\/span><\/p>\n<div id=\"attachment_1322\" style=\"width: 1510px\" class=\"wp-caption alignleft\"><img loading=\"lazy\" decoding=\"async\" aria-describedby=\"caption-attachment-1322\" class=\"size-full wp-image-1322\" src=\"https:\/\/kunstgarten.at\/wp-content\/uploads\/2016\/02\/Botanischer-Garten-Graz-IMG_1340.jpg\" alt=\"Botanischer Garten Graz, Altes Gew\u00e4chshaus ,1870 \" width=\"1500\" height=\"1125\" \/><p id=\"caption-attachment-1322\" class=\"wp-caption-text\">Botanischer Garten Graz, Altes Gew\u00e4chshaus ,1870<\/p><\/div>\n<h2><span style=\"color: #ed6764;\">Garden<\/span><\/h2>\n<p><span style=\"color: #ed6764;\">Garden, presumably from the Gotic gards, garda &gt;twigs<\/span><\/p>\n<h6><span style=\"color: #ed6764;\">(Picture credit:copyright Martha Schwartz)<\/span><\/h6>\n<p><span style=\"color: #ed6764;\"><\/div><\/div><div class='content-column one_half last_column'><div style=\"padding-right:120px;\"><\/span><\/p>\n<div id=\"attachment_1320\" style=\"width: 2147px\" class=\"wp-caption alignleft\"><img loading=\"lazy\" decoding=\"async\" aria-describedby=\"caption-attachment-1320\" class=\"size-full wp-image-1320\" src=\"https:\/\/kunstgarten.at\/wp-content\/uploads\/2016\/02\/Lukas-Cranach-d.-A.-Das-Paradies-1530-2.jpg\" alt=\"Lukas Cranach d. \u00c4. Das Paradies, 1530\" width=\"2137\" height=\"1484\" \/><p id=\"caption-attachment-1320\" class=\"wp-caption-text\">Lukas Cranach d. \u00c4. Das Paradies, 1530<\/p><\/div>\n<h2><span style=\"color: #ed6764;\">Paradies<\/span><\/h2>\n<p><span style=\"color: #ed6764;\">Paradise, from the Hebrew pardes, Old Persian pairidaehebrza &gt;walling-in&lt;, Old Greek paradeisos &gt;fencing, garden, a green place&lt; (&#8230;)<\/span><br \/>\n<span style=\"color: #ed6764;\"> Xenophon (434-355 BC) used the word &#8220;paradeisos&#8221; to designate the royal gardens of PEria. In general usage, paradise is the New Testament equivalent of the Garden of Eden, the &gt;primal icon&lt; of the most beautiful of all gardens, where lived the first human couple until the Fall. In the Apocalypse, paradise is the hereafter, the place of the departed, the blessed. (&#8230;)<\/span><br \/>\n<span style=\"color: #ed6764;\"> In the pictorial arts: a garden landscape with an abundance of water (the four rivers of paradise) and of sustenance (the Tree of Life). (&#8230;)<\/span><\/p>\n<h6><span style=\"color: #ed6764;\">Sources:<\/span><br \/>\n<span style=\"color: #ed6764;\"> Uerscheln, Kalusok: W\u00f6rterbuch der europ\u00e4ischen Gartenkunst,Reclam 2001\/2003<\/span><br \/>\n<span style=\"color: #ed6764;\"> Wilhelm Gemoll: Griechisch Deutsches Schul- und Handw\u00f6rterbuch, H\u00f6lder-Pichler-Tempsky, 1936.<\/span><\/h6>\n<p><span style=\"color: #ed6764;\"><\/div><\/div><div class='clear_column'><\/div><\/span><\/p>","protected":false},"excerpt":{"rendered":"<p>Brigitte Franzen: &#8220;paradise lost&#8221; as heterotopia In &#8220;Other rooms \/ other spaces&#8221;, his much-quoted lecture, Michel Foucault defines the garden as h\u00e9t\u00e9rotopie &#8211; a term which designates &#8220;real places&#8221; understood to be the actual realisation of utopias. Heterotopias are said to be able &#8220;to unite several spaces, several entities that are in themselves disparate and&#8230;  <a class=\"excerpt-read-more\" href=\"https:\/\/kunstgarten.at\/en\/about\/gartenkunst\/\" title=\"Read Garden Art\">Read more &raquo;<\/a><\/p>\n","protected":false},"author":1,"featured_media":0,"parent":24,"menu_order":1,"comment_status":"closed","ping_status":"closed","template":"page-fullwith.php","meta":{"_links_to":"","_links_to_target":"","footnotes":""},"class_list":["post-42","page","type-page","status-publish","hentry"],"_links":{"self":[{"href":"https:\/\/kunstgarten.at\/en\/wp-json\/wp\/v2\/pages\/42","targetHints":{"allow":["GET"]}}],"collection":[{"href":"https:\/\/kunstgarten.at\/en\/wp-json\/wp\/v2\/pages"}],"about":[{"href":"https:\/\/kunstgarten.at\/en\/wp-json\/wp\/v2\/types\/page"}],"author":[{"embeddable":true,"href":"https:\/\/kunstgarten.at\/en\/wp-json\/wp\/v2\/users\/1"}],"replies":[{"embeddable":true,"href":"https:\/\/kunstgarten.at\/en\/wp-json\/wp\/v2\/comments?post=42"}],"version-history":[{"count":0,"href":"https:\/\/kunstgarten.at\/en\/wp-json\/wp\/v2\/pages\/42\/revisions"}],"up":[{"embeddable":true,"href":"https:\/\/kunstgarten.at\/en\/wp-json\/wp\/v2\/pages\/24"}],"wp:attachment":[{"href":"https:\/\/kunstgarten.at\/en\/wp-json\/wp\/v2\/media?parent=42"}],"curies":[{"name":"wp","href":"https:\/\/api.w.org\/{rel}","templated":true}]}}